{"id":91,"date":"2026-05-15T02:57:58","date_gmt":"2026-05-15T02:57:58","guid":{"rendered":"https:\/\/comprateloenlinea.com\/site\/?post_type=product&#038;p=91"},"modified":"2026-05-15T03:16:42","modified_gmt":"2026-05-15T03:16:42","slug":"oferta-relampagp-descuento-40-en-amazon-kaigerr-portatil-ligero-para-juegos-1tb-nvme-ssd-16gb-ram-computadora-portatil-con-amd-ryzen-7-5825u-8c-16t-hasta-4-5ghz-portatil-windows-11-de-15-6-p","status":"publish","type":"product","link":"https:\/\/comprateloenlinea.com\/site\/producto\/oferta-relampagp-descuento-40-en-amazon-kaigerr-portatil-ligero-para-juegos-1tb-nvme-ssd-16gb-ram-computadora-portatil-con-amd-ryzen-7-5825u-8c-16t-hasta-4-5ghz-portatil-windows-11-de-15-6-p\/","title":{"rendered":"Oferta Rel\u00e1mpagp (Descuento -40% en Amazon)  -KAIGERR Port\u00e1til ligero para juegos, 1TB NVMe SSD 16GB RAM computadora port\u00e1til con AMD Ryzen 7 5825U (8C\/16T, hasta 4.5GHz), port\u00e1til Windows 11 de 15.6 pulgadas, gr\u00e1ficos Radeon RX Vega 8, WiFi 6 para creatividad y negocios"},"content":{"rendered":"<h2 class=\"a-size-base-plus a-text-bold\">Sobre este art\u00edculo<\/h2>\n<ul class=\"a-unordered-list a-vertical a-spacing-mini\">\n<li class=\"a-spacing-mini\"><span class=\"a-list-item\">Mejora tu experiencia: la laptop KAIGERR 2026 LX15PRO est\u00e1 equipada con el potente procesador AMD Ryzen 7 5825U (8C\/16T, hasta 4.5GHz), ofreciendo un rendimiento y capacidad de respuesta superiores. Este hardware mejorado garantiza una navegaci\u00f3n fluida, tiempos de carga r\u00e1pidos y im\u00e1genes de alta calidad. Proporciona una experiencia creativa inmersiva y sin retrasos que da vida a tus t\u00edtulos favoritos.<\/span><\/li>\n<li class=\"a-spacing-mini\"><span class=\"a-list-item\">Pantalla IPS de alta definici\u00f3n de 15.6 pulgadas: con su amplia gama de colores y alta frecuencia de actualizaci\u00f3n, este port\u00e1til ofrece im\u00e1genes m\u00e1s suaves y detalles m\u00e1s n\u00edtidos, ofreciendo una representaci\u00f3n m\u00e1s v\u00edvida y precisa que las pantallas est\u00e1ndar. Esta claridad mejorada aporta una experiencia visual impresionante e inmersiva, haciendo que cada escena sea m\u00e1s din\u00e1mica.<\/span><\/li>\n<li class=\"a-spacing-mini\"><span class=\"a-list-item\">Gran capacidad de 1 TB: esta computadora port\u00e1til ryzen viene con 16 GB de RAM DDR4 y una SSD M.2 NVMe de 1 TB, lo que garantiza tiempos de respuesta m\u00e1s r\u00e1pidos y un amplio almacenamiento para tus archivos. La memoria DDR4 de doble canal se puede actualizar a 64 GB (2 x 32 GB), mientras que la SSD NVMe\/NGFF admite expansi\u00f3n de hasta 2 TB. Con este nivel de capacidad de actualizaci\u00f3n, tendr\u00e1 espacio m\u00e1s que suficiente para almacenar todos sus videos\/archivos favoritos y manejar incluso las tareas m\u00e1s exigentes con facilidad.<\/span><\/li>\n<li class=\"a-spacing-mini\"><span class=\"a-list-item\">Conectividad amplia y premium: dise\u00f1ada para un funcionamiento ultrarr\u00e1pido, la laptop KAIGERR AMD Ryzen 7 est\u00e1 equipada con 1 c\u00e1mara web, USB 3.2 \u00d7 2, HDMI \u00d7 1, 1 tipo C (funci\u00f3n completa), 1 audio\/micr\u00f3fono de 0.138 in, 1 soporte para tarjeta TF, 1 conector CC tipo C. Disfruta de velocidades m\u00e1s altas con Wi-Fi 6, compatible con el est\u00e1ndar 802.11ax y hasta 3 veces m\u00e1s r\u00e1pido que Wi-Fi 5.<\/span><\/li>\n<li class=\"a-spacing-mini\"><span class=\"a-list-item\"><span class=\"a-list-item\">\u3010<a href=\"https:\/\/amzn.to\/3RczGWH\">KAIGERR: Port\u00e1tiles de calidad, soporte excepcional<\/a>\u3011Disfruta de la tranquilidad con soporte t\u00e9cnico ilimitado y 12 meses de reparaci\u00f3n para todos los clientes, con nuestro equipo siempre listo para ayudar. Si tiene alguna pregunta o inquietud, no dude en comunicarse con nosotros; estamos aqu\u00ed para ayudarle.<\/span><\/span>&nbsp;<\/li>\n<\/ul>\n","protected":false},"excerpt":{"rendered":"<p><img loading=\"lazy\" decoding=\"async\" class=\"alignnone size-medium wp-image-104\" src=\"https:\/\/comprateloenlinea.com\/site\/wp-content\/uploads\/2026\/05\/kaigerr_descrip2-188x300.png\" alt=\"\" width=\"188\" height=\"300\" srcset=\"https:\/\/comprateloenlinea.com\/site\/wp-content\/uploads\/2026\/05\/kaigerr_descrip2-188x300.png 188w, https:\/\/comprateloenlinea.com\/site\/wp-content\/uploads\/2026\/05\/kaigerr_descrip2-641x1024.png 641w, https:\/\/comprateloenlinea.com\/site\/wp-content\/uploads\/2026\/05\/kaigerr_descrip2-768x1228.png 768w, https:\/\/comprateloenlinea.com\/site\/wp-content\/uploads\/2026\/05\/kaigerr_descrip2-961x1536.png 961w, https:\/\/comprateloenlinea.com\/site\/wp-content\/uploads\/2026\/05\/kaigerr_descrip2-600x959.png 600w, https:\/\/comprateloenlinea.com\/site\/wp-content\/uploads\/2026\/05\/kaigerr_descrip2.png 966w\" sizes=\"auto, (max-width: 188px) 100vw, 188px\" \/><\/p>\n","protected":false},"featured_media":94,"comment_status":"open","ping_status":"closed","template":"","meta":{"site-sidebar-layout":"default","site-content-layout":"","ast-site-content-layout":"default","site-content-style":"default","site-sidebar-style":"default","ast-global-header-display":"","ast-banner-title-visibility":"","ast-main-header-display":"","ast-hfb-above-header-display":"","ast-hfb-below-header-display":"","ast-hfb-mobile-header-display":"","site-post-title":"","ast-breadcrumbs-content":"","ast-featured-img":"","footer-sml-layout":"","ast-disable-related-posts":"","theme-transparent-header-meta":"default","adv-header-id-meta":"","stick-header-meta":"","header-above-stick-meta":"","header-main-stick-meta":"","header-below-stick-meta":"","astra-migrate-meta-layouts":"set","ast-page-background-enabled":"default","ast-page-background-meta":{"desktop":{"background-color":"var(--ast-global-color-5)","background-image":"","background-repeat":"repeat","background-position":"center center","background-size":"auto","background-attachment":"scroll","background-type":"","background-media":"","overlay-type":"","overlay-color":"","overlay-opacity":"","overlay-gradient":""},"tablet":{"background-color":"","background-image":"","background-repeat":"repeat","background-position":"center center","background-size":"auto","background-attachment":"scroll","background-type":"","background-media":"","overlay-type":"","overlay-color":"","overlay-opacity":"","overlay-gradient":""},"mobile":{"background-color":"","background-image":"","background-repeat":"repeat","background-position":"center center","background-size":"auto","background-attachment":"scroll","background-type":"","background-media":"","overlay-type":"","overlay-color":"","overlay-opacity":"","overlay-gradient":""}},"ast-content-background-meta":{"desktop":{"background-color":"var(--ast-global-color-4)","background-image":"","background-repeat":"repeat","background-position":"center center","background-size":"auto","background-attachment":"scroll","background-type":"","background-media":"","overlay-type":"","overlay-color":"","overlay-opacity":"","overlay-gradient":""},"tablet":{"background-color":"var(--ast-global-color-4)","background-image":"","background-repeat":"repeat","background-position":"center center","background-size":"auto","background-attachment":"scroll","background-type":"","background-media":"","overlay-type":"","overlay-color":"","overlay-opacity":"","overlay-gradient":""},"mobile":{"background-color":"var(--ast-global-color-4)","background-image":"","background-repeat":"repeat","background-position":"center center","background-size":"auto","background-attachment":"scroll","background-type":"","background-media":"","overlay-type":"","overlay-color":"","overlay-opacity":"","overlay-gradient":""}}},"product_brand":[],"product_cat":[15],"product_tag":[],"class_list":{"0":"post-91","1":"product","2":"type-product","3":"status-publish","4":"has-post-thumbnail","6":"product_cat-sin-categorizar","7":"desktop-align-left","8":"tablet-align-left","9":"mobile-align-left","11":"first","12":"instock","13":"sale","14":"shipping-taxable","15":"product-type-external"},"_links":{"self":[{"href":"https:\/\/comprateloenlinea.com\/site\/wp-json\/wp\/v2\/product\/91","targetHints":{"allow":["GET"]}}],"collection":[{"href":"https:\/\/comprateloenlinea.com\/site\/wp-json\/wp\/v2\/product"}],"about":[{"href":"https:\/\/comprateloenlinea.com\/site\/wp-json\/wp\/v2\/types\/product"}],"replies":[{"embeddable":true,"href":"https:\/\/comprateloenlinea.com\/site\/wp-json\/wp\/v2\/comments?post=91"}],"wp:featuredmedia":[{"embeddable":true,"href":"https:\/\/comprateloenlinea.com\/site\/wp-json\/wp\/v2\/media\/94"}],"wp:attachment":[{"href":"https:\/\/comprateloenlinea.com\/site\/wp-json\/wp\/v2\/media?parent=91"}],"wp:term":[{"taxonomy":"product_brand","embeddable":true,"href":"https:\/\/comprateloenlinea.com\/site\/wp-json\/wp\/v2\/product_brand?post=91"},{"taxonomy":"product_cat","embeddable":true,"href":"https:\/\/comprateloenlinea.com\/site\/wp-json\/wp\/v2\/product_cat?post=91"},{"taxonomy":"product_tag","embeddable":true,"href":"https:\/\/comprateloenlinea.com\/site\/wp-json\/wp\/v2\/product_tag?post=91"}],"curies":[{"name":"wp","href":"https:\/\/api.w.org\/{rel}","templated":true}]}}