{"id":52,"date":"2026-05-11T16:20:17","date_gmt":"2026-05-11T16:20:17","guid":{"rendered":"https:\/\/comprateloenlinea.com\/site\/?post_type=product&#038;p=52"},"modified":"2026-05-11T16:20:17","modified_gmt":"2026-05-11T16:20:17","slug":"hp-victus-15-6-fhd-144hz-portatil-para-juegos-amd-ryzen-5-7535hs-radeon-rx-6550m-beats-geforce-rtx-3050-16gb-ram-512gb-ssd-teclado-retroiluminado-estacion-de-acoplamiento-256gb-9h-windows","status":"publish","type":"product","link":"https:\/\/comprateloenlinea.com\/site\/producto\/hp-victus-15-6-fhd-144hz-portatil-para-juegos-amd-ryzen-5-7535hs-radeon-rx-6550m-beats-geforce-rtx-3050-16gb-ram-512gb-ssd-teclado-retroiluminado-estacion-de-acoplamiento-256gb-9h-windows\/","title":{"rendered":"HP Victus 15.6&#8243; FHD 144Hz &#8211; Port\u00e1til para juegos, AMD Ryzen 5 7535HS, Radeon RX 6550M (Beats GeForce RTX 3050), 16GB RAM 512GB SSD, teclado retroiluminado, estaci\u00f3n de acoplamiento 256GB 9H, Windows"},"content":{"rendered":"<h2 class=\"a-size-base-plus a-text-bold\">Sobre este art\u00edculo<\/h2>\n<ul class=\"a-unordered-list a-vertical a-spacing-mini\">\n<li class=\"a-spacing-mini\"><span class=\"a-list-item\">[Pantalla FHD antirreflejo de 15.6&#8243; a 144Hz]: Pantalla IPS FHD de 15.6&#8243; (1920&#215;1080); reduce el lag y el ghosting para una experiencia de juego fluida y n\u00edtida con im\u00e1genes claras y v\u00edvidas desde cualquier \u00e1ngulo<\/span><\/li>\n<li class=\"a-spacing-mini\"><span class=\"a-list-item\">[Lleva tus proyectos creativos a un nuevo nivel]: Procesador Ryzen 5 7535HS a 3.30GHz (7.\u00aa generaci\u00f3n, hasta 4.5 GHz, cach\u00e9 de 16MB, 6 n\u00facleos, 12 subprocesos); gr\u00e1ficos AMD Radeon RX 6550M<\/span><\/li>\n<li class=\"a-spacing-mini\"><span class=\"a-list-item\">[Almacenamiento y RAM ultrarr\u00e1pidos]: 16GB de RAM DDR4 para multitarea eficiente; unidad de estado s\u00f3lido de 512GB ideal para arranques m\u00e1s r\u00e1pidos y transferencia de datos<\/span><\/li>\n<li class=\"a-spacing-mini\"><span class=\"a-list-item\">[Caracter\u00edsticas]: Con estaci\u00f3n de acoplamiento 9H de 256GB; Windows 11 Home; teclado retroiluminado con teclado num\u00e9rico integrado; c\u00e1mara frontal con resoluci\u00f3n de video 720p<\/span><\/li>\n<li class=\"a-spacing-mini\"><span class=\"a-list-item\">[Puertos y ranuras]: 1 x HDMI 2.1, 1 x USB-A 3.0, 2 x USB-A 3.0, 1 x RJ-45, 1 x conector para auriculares, 1 x AC smart pin, 1 x lector de tarjetas multimedia; Wi-Fi 6 y Bluetooth 5<\/span><\/li>\n<\/ul>\n","protected":false},"excerpt":{"rendered":"<p>Sobre este art\u00edculo [Pantalla FHD antirreflejo de 15.6&#8243; a 144Hz]: Pantalla IPS FHD de 15.6&#8243; (1920&#215;1080); reduce el lag y [&hellip;]<\/p>\n","protected":false},"featured_media":55,"comment_status":"open","ping_status":"closed","template":"","meta":{"site-sidebar-layout":"default","site-content-layout":"","ast-site-content-layout":"default","site-content-style":"default","site-sidebar-style":"default","ast-global-header-display":"","ast-banner-title-visibility":"","ast-main-header-display":"","ast-hfb-above-header-display":"","ast-hfb-below-header-display":"","ast-hfb-mobile-header-display":"","site-post-title":"","ast-breadcrumbs-content":"","ast-featured-img":"","footer-sml-layout":"","ast-disable-related-posts":"","theme-transparent-header-meta":"default","adv-header-id-meta":"","stick-header-meta":"","header-above-stick-meta":"","header-main-stick-meta":"","header-below-stick-meta":"","astra-migrate-meta-layouts":"set","ast-page-background-enabled":"default","ast-page-background-meta":{"desktop":{"background-color":"var(--ast-global-color-5)","background-image":"","background-repeat":"repeat","background-position":"center center","background-size":"auto","background-attachment":"scroll","background-type":"","background-media":"","overlay-type":"","overlay-color":"","overlay-opacity":"","overlay-gradient":""},"tablet":{"background-color":"","background-image":"","background-repeat":"repeat","background-position":"center center","background-size":"auto","background-attachment":"scroll","background-type":"","background-media":"","overlay-type":"","overlay-color":"","overlay-opacity":"","overlay-gradient":""},"mobile":{"background-color":"","background-image":"","background-repeat":"repeat","background-position":"center center","background-size":"auto","background-attachment":"scroll","background-type":"","background-media":"","overlay-type":"","overlay-color":"","overlay-opacity":"","overlay-gradient":""}},"ast-content-background-meta":{"desktop":{"background-color":"var(--ast-global-color-4)","background-image":"","background-repeat":"repeat","background-position":"center center","background-size":"auto","background-attachment":"scroll","background-type":"","background-media":"","overlay-type":"","overlay-color":"","overlay-opacity":"","overlay-gradient":""},"tablet":{"background-color":"var(--ast-global-color-4)","background-image":"","background-repeat":"repeat","background-position":"center center","background-size":"auto","background-attachment":"scroll","background-type":"","background-media":"","overlay-type":"","overlay-color":"","overlay-opacity":"","overlay-gradient":""},"mobile":{"background-color":"var(--ast-global-color-4)","background-image":"","background-repeat":"repeat","background-position":"center center","background-size":"auto","background-attachment":"scroll","background-type":"","background-media":"","overlay-type":"","overlay-color":"","overlay-opacity":"","overlay-gradient":""}}},"product_brand":[],"product_cat":[15],"product_tag":[],"class_list":{"0":"post-52","1":"product","2":"type-product","3":"status-publish","4":"has-post-thumbnail","6":"product_cat-sin-categorizar","7":"desktop-align-left","8":"tablet-align-left","9":"mobile-align-left","11":"first","12":"instock","13":"shipping-taxable","14":"product-type-external"},"_links":{"self":[{"href":"https:\/\/comprateloenlinea.com\/site\/wp-json\/wp\/v2\/product\/52","targetHints":{"allow":["GET"]}}],"collection":[{"href":"https:\/\/comprateloenlinea.com\/site\/wp-json\/wp\/v2\/product"}],"about":[{"href":"https:\/\/comprateloenlinea.com\/site\/wp-json\/wp\/v2\/types\/product"}],"replies":[{"embeddable":true,"href":"https:\/\/comprateloenlinea.com\/site\/wp-json\/wp\/v2\/comments?post=52"}],"wp:featuredmedia":[{"embeddable":true,"href":"https:\/\/comprateloenlinea.com\/site\/wp-json\/wp\/v2\/media\/55"}],"wp:attachment":[{"href":"https:\/\/comprateloenlinea.com\/site\/wp-json\/wp\/v2\/media?parent=52"}],"wp:term":[{"taxonomy":"product_brand","embeddable":true,"href":"https:\/\/comprateloenlinea.com\/site\/wp-json\/wp\/v2\/product_brand?post=52"},{"taxonomy":"product_cat","embeddable":true,"href":"https:\/\/comprateloenlinea.com\/site\/wp-json\/wp\/v2\/product_cat?post=52"},{"taxonomy":"product_tag","embeddable":true,"href":"https:\/\/comprateloenlinea.com\/site\/wp-json\/wp\/v2\/product_tag?post=52"}],"curies":[{"name":"wp","href":"https:\/\/api.w.org\/{rel}","templated":true}]}}