{"id":44,"date":"2026-05-11T03:55:41","date_gmt":"2026-05-11T03:55:41","guid":{"rendered":"https:\/\/comprateloenlinea.com\/site\/?post_type=product&#038;p=44"},"modified":"2026-05-11T03:55:42","modified_gmt":"2026-05-11T03:55:42","slug":"apple-laptop-macbook-air-2026-de-13-pulgadas-con-chip-m5-disenada-para-ai-pantalla-de-retina-liquida-de-13-6-pulgadas-memoria-unificada-de-16-gb-ssd-de-512-gb-camara-central-de-12-mp-touch-id-w","status":"publish","type":"product","link":"https:\/\/comprateloenlinea.com\/site\/producto\/apple-laptop-macbook-air-2026-de-13-pulgadas-con-chip-m5-disenada-para-ai-pantalla-de-retina-liquida-de-13-6-pulgadas-memoria-unificada-de-16-gb-ssd-de-512-gb-camara-central-de-12-mp-touch-id-w\/","title":{"rendered":"Apple Laptop MacBook Air 2026 de 13 pulgadas con chip M5: dise\u00f1ada para AI, pantalla de retina l\u00edquida de 13.6 pulgadas, memoria unificada de 16 GB, SSD de 512 GB, c\u00e1mara central de 12 MP, Touch ID, Wi-Fi 7; Medianoche"},"content":{"rendered":"<h2 class=\"a-size-base-plus a-text-bold\">Sobre este art\u00edculo<\/h2>\n<ul class=\"a-unordered-list a-vertical a-spacing-mini\">\n<li class=\"a-spacing-mini\"><span class=\"a-list-item\">Podr\u00eda tomar vuelo: el MacBook Air con el chip M5 incluye una velocidad asombrosa y potentes capacidades de IA en un dise\u00f1o incre\u00edblemente port\u00e1til. Con Apple Intelligence,* hasta 18 horas de duraci\u00f3n de la bater\u00eda,* y almacenamiento SSD r\u00e1pido a partir de 512GB,* puedes trabajar, crear y jugar en cualquier lugar que la vida te lleve.<\/span><\/li>\n<li class=\"a-spacing-mini\"><span class=\"a-list-item\">Superalimentado por M5: con su CPU m\u00e1s r\u00e1pida y memoria unificada, el chip M5 ofrece a\u00fan m\u00e1s rendimiento y fluidez en todas las aplicaciones, haciendo que los flujos de trabajo multitarea y creativos sean suaves y receptivos. Un potente motor neuronal y una GPU de pr\u00f3xima generaci\u00f3n con aceleradores neuronales le brindan una potente plataforma para la IA.<\/span><\/li>\n<li class=\"a-spacing-mini\"><span class=\"a-list-item\">APPLE Inteligencia: Apple Intelligence es el sistema de inteligencia personal que te ayuda a escribir, expresarte y hacer las cosas sin esfuerzo. Con protecciones de privacidad innovadoras, le da la tranquilidad de que nadie m\u00e1s puede acceder a sus datos, ni siquiera Apple. *<\/span><\/li>\n<li class=\"a-spacing-mini\"><span class=\"a-list-item\">Hasta 18 horas de duraci\u00f3n de la bater\u00eda: el MacBook Air ofrece una incre\u00edble duraci\u00f3n de la bater\u00eda con un rendimiento incre\u00edble, por lo que puedes alimentar un d\u00eda completo de trabajo o clase sin preocuparte por enchufarlo. *<\/span><\/li>\n<li class=\"a-spacing-mini\"><span class=\"a-list-item\">Una pantalla brillante de 13.6 pulgadas: la pantalla Liquid Retina admite mil millones de colores. * Las fotos y los videos aparecen con un rico contraste y detalles n\u00edtidos, y el texto parece supern\u00edtido.<\/span><\/li>\n<li class=\"a-spacing-mini\"><span class=\"a-list-item\">C\u00e1mara de escenario central de 12 MP: permanece autom\u00e1ticamente en el marco durante las videollamadas con Center Stage, o comparte una vista de arriba hacia abajo de tu espacio de trabajo con Desk View. Y con una matriz de tres micr\u00f3fonos y un sistema de sonido de cuatro altavoces con Spatial Audio y soporte para Dolby Atmos, todo suena genial.<\/span><\/li>\n<li class=\"a-spacing-mini\"><span class=\"a-list-item\">Con\u00e9ctalo todo: el MacBook Air cuenta con dos puertos Thunderbolt 4, un puerto de carga MagSafe y un conector para auriculares, as\u00ed como el chip Apple N1 para Wi-Fi 7 y Bluetooth 6. * Y soporta hasta dos pantallas externas.<\/span><\/li>\n<\/ul>\n","protected":false},"excerpt":{"rendered":"<p>Sobre este art\u00edculo Podr\u00eda tomar vuelo: el MacBook Air con el chip M5 incluye una velocidad asombrosa y potentes capacidades [&hellip;]<\/p>\n","protected":false},"featured_media":47,"comment_status":"open","ping_status":"closed","template":"","meta":{"site-sidebar-layout":"default","site-content-layout":"","ast-site-content-layout":"default","site-content-style":"default","site-sidebar-style":"default","ast-global-header-display":"","ast-banner-title-visibility":"","ast-main-header-display":"","ast-hfb-above-header-display":"","ast-hfb-below-header-display":"","ast-hfb-mobile-header-display":"","site-post-title":"","ast-breadcrumbs-content":"","ast-featured-img":"","footer-sml-layout":"","ast-disable-related-posts":"","theme-transparent-header-meta":"default","adv-header-id-meta":"","stick-header-meta":"","header-above-stick-meta":"","header-main-stick-meta":"","header-below-stick-meta":"","astra-migrate-meta-layouts":"set","ast-page-background-enabled":"default","ast-page-background-meta":{"desktop":{"background-color":"var(--ast-global-color-5)","background-image":"","background-repeat":"repeat","background-position":"center center","background-size":"auto","background-attachment":"scroll","background-type":"","background-media":"","overlay-type":"","overlay-color":"","overlay-opacity":"","overlay-gradient":""},"tablet":{"background-color":"","background-image":"","background-repeat":"repeat","background-position":"center center","background-size":"auto","background-attachment":"scroll","background-type":"","background-media":"","overlay-type":"","overlay-color":"","overlay-opacity":"","overlay-gradient":""},"mobile":{"background-color":"","background-image":"","background-repeat":"repeat","background-position":"center center","background-size":"auto","background-attachment":"scroll","background-type":"","background-media":"","overlay-type":"","overlay-color":"","overlay-opacity":"","overlay-gradient":""}},"ast-content-background-meta":{"desktop":{"background-color":"var(--ast-global-color-4)","background-image":"","background-repeat":"repeat","background-position":"center center","background-size":"auto","background-attachment":"scroll","background-type":"","background-media":"","overlay-type":"","overlay-color":"","overlay-opacity":"","overlay-gradient":""},"tablet":{"background-color":"var(--ast-global-color-4)","background-image":"","background-repeat":"repeat","background-position":"center center","background-size":"auto","background-attachment":"scroll","background-type":"","background-media":"","overlay-type":"","overlay-color":"","overlay-opacity":"","overlay-gradient":""},"mobile":{"background-color":"var(--ast-global-color-4)","background-image":"","background-repeat":"repeat","background-position":"center center","background-size":"auto","background-attachment":"scroll","background-type":"","background-media":"","overlay-type":"","overlay-color":"","overlay-opacity":"","overlay-gradient":""}}},"product_brand":[],"product_cat":[15],"product_tag":[],"class_list":{"0":"post-44","1":"product","2":"type-product","3":"status-publish","4":"has-post-thumbnail","6":"product_cat-sin-categorizar","7":"desktop-align-left","8":"tablet-align-left","9":"mobile-align-left","11":"first","12":"instock","13":"sale","14":"shipping-taxable","15":"product-type-external"},"_links":{"self":[{"href":"https:\/\/comprateloenlinea.com\/site\/wp-json\/wp\/v2\/product\/44","targetHints":{"allow":["GET"]}}],"collection":[{"href":"https:\/\/comprateloenlinea.com\/site\/wp-json\/wp\/v2\/product"}],"about":[{"href":"https:\/\/comprateloenlinea.com\/site\/wp-json\/wp\/v2\/types\/product"}],"replies":[{"embeddable":true,"href":"https:\/\/comprateloenlinea.com\/site\/wp-json\/wp\/v2\/comments?post=44"}],"wp:featuredmedia":[{"embeddable":true,"href":"https:\/\/comprateloenlinea.com\/site\/wp-json\/wp\/v2\/media\/47"}],"wp:attachment":[{"href":"https:\/\/comprateloenlinea.com\/site\/wp-json\/wp\/v2\/media?parent=44"}],"wp:term":[{"taxonomy":"product_brand","embeddable":true,"href":"https:\/\/comprateloenlinea.com\/site\/wp-json\/wp\/v2\/product_brand?post=44"},{"taxonomy":"product_cat","embeddable":true,"href":"https:\/\/comprateloenlinea.com\/site\/wp-json\/wp\/v2\/product_cat?post=44"},{"taxonomy":"product_tag","embeddable":true,"href":"https:\/\/comprateloenlinea.com\/site\/wp-json\/wp\/v2\/product_tag?post=44"}],"curies":[{"name":"wp","href":"https:\/\/api.w.org\/{rel}","templated":true}]}}