{"id":30,"date":"2026-05-10T03:59:54","date_gmt":"2026-05-10T03:59:54","guid":{"rendered":"https:\/\/comprateloenlinea.com\/site\/?post_type=product&#038;p=30"},"modified":"2026-05-10T04:05:21","modified_gmt":"2026-05-10T04:05:21","slug":"cuisinart-molinillo-de-cafe-electrico-de-un-solo-toque-con-selector-de-molienda-de-18-posiciones-acero-inoxidable-dbm-8p1","status":"publish","type":"product","link":"https:\/\/comprateloenlinea.com\/site\/producto\/cuisinart-molinillo-de-cafe-electrico-de-un-solo-toque-con-selector-de-molienda-de-18-posiciones-acero-inoxidable-dbm-8p1\/","title":{"rendered":"Cuisinart Molinillo de caf\u00e9 el\u00e9ctrico de un solo toque con selector de molienda de 18 posiciones, acero inoxidable, DBM-8P1"},"content":{"rendered":"<p><a href=\"https:\/\/amzn.to\/42sq0K9\"><img loading=\"lazy\" decoding=\"async\" class=\"alignnone\" src=\"https:\/\/m.media-amazon.com\/images\/I\/71na8SI79TL._AC_SL1500_.jpg\" alt=\"\" width=\"1500\" height=\"1500\" \/><\/a><\/p>\n<h2 class=\"a-size-base-plus a-text-bold\">Sobre este art\u00edculo<\/h2>\n<ul class=\"a-unordered-list a-vertical a-spacing-mini\">\n<li class=\"a-spacing-mini\"><span class=\"a-list-item\">Disfruta del sabor \u00f3ptimo: La molienda de rebabas proporciona una molienda uniforme a tus granos de caf\u00e9 frescos con su selector de molienda de 18 posiciones. Mueve el dial deslizante de ultrafino a extragrueso para garantizar que tus posos de caf\u00e9 sean exactamente como prefieres. Sin bisfenol A. Volumen de unidad de cart\u00f3n en pies c\u00fabicos: 0.465, volumen de cart\u00f3n maestro en pies c\u00fabicos: 0.558<\/span><\/li>\n<li class=\"a-spacing-mini\"><span class=\"a-list-item\">Caracter\u00edsticas extra\u00edbles: La tolva de granos de 8 onzas es totalmente extra\u00edble, as\u00ed como nuestra c\u00e1mara de molienda integrada para facilitar el uso y la accesibilidad durante el proceso de limpieza, motor de servicio pesado<\/span><\/li>\n<li class=\"a-spacing-mini\"><span class=\"a-list-item\">C\u00e1mara de molienda: Nuestra c\u00e1mara de molienda extra\u00edble tiene capacidad para suficiente caf\u00e9 molido para 32 tazas, no tendr\u00e1s que preocuparte por moler granos varias veces para preparar caf\u00e9 para toda la casa<\/span><\/li>\n<li class=\"a-spacing-mini\"><span class=\"a-list-item\">Molienda de un solo toque: La barra de alimentaci\u00f3n de un solo toque est\u00e1 separada de la unidad y se complementa con un temporizador el\u00e9ctrico que apaga autom\u00e1ticamente la unidad cuando se completa el ciclo de molienda<\/span><\/li>\n<li class=\"a-spacing-mini\"><span class=\"a-list-item\">Dise\u00f1o pr\u00e1ctico: Nuestro motor de unidad de alta resistencia no quita espacio para caracter\u00edsticas de dise\u00f1o adicionales; disfruta de la comodidad del almacenamiento del cable y de una cuchara adicional o cepillo de limpieza para ordenar, limpiar y maximizar el espacio de la encimera.<br \/>\n<\/span><\/li>\n<\/ul>\n<p><a href=\"https:\/\/amzn.to\/42sq0K9\"><img loading=\"lazy\" decoding=\"async\" class=\"alignnone\" src=\"https:\/\/m.media-amazon.com\/images\/I\/81YKMFX0ZHL._AC_SL1500_.jpg\" alt=\"\" width=\"1500\" height=\"1500\" \/><\/a><\/p>\n","protected":false},"excerpt":{"rendered":"<p>Sobre este art\u00edculo Disfruta del sabor \u00f3ptimo: La molienda de rebabas proporciona una molienda uniforme a tus granos de caf\u00e9 [&hellip;]<\/p>\n","protected":false},"featured_media":33,"comment_status":"open","ping_status":"closed","template":"","meta":{"site-sidebar-layout":"default","site-content-layout":"","ast-site-content-layout":"default","site-content-style":"default","site-sidebar-style":"default","ast-global-header-display":"","ast-banner-title-visibility":"","ast-main-header-display":"","ast-hfb-above-header-display":"","ast-hfb-below-header-display":"","ast-hfb-mobile-header-display":"","site-post-title":"","ast-breadcrumbs-content":"","ast-featured-img":"","footer-sml-layout":"","ast-disable-related-posts":"","theme-transparent-header-meta":"default","adv-header-id-meta":"","stick-header-meta":"","header-above-stick-meta":"","header-main-stick-meta":"","header-below-stick-meta":"","astra-migrate-meta-layouts":"set","ast-page-background-enabled":"default","ast-page-background-meta":{"desktop":{"background-color":"var(--ast-global-color-5)","background-image":"","background-repeat":"repeat","background-position":"center center","background-size":"auto","background-attachment":"scroll","background-type":"","background-media":"","overlay-type":"","overlay-color":"","overlay-opacity":"","overlay-gradient":""},"tablet":{"background-color":"","background-image":"","background-repeat":"repeat","background-position":"center center","background-size":"auto","background-attachment":"scroll","background-type":"","background-media":"","overlay-type":"","overlay-color":"","overlay-opacity":"","overlay-gradient":""},"mobile":{"background-color":"","background-image":"","background-repeat":"repeat","background-position":"center center","background-size":"auto","background-attachment":"scroll","background-type":"","background-media":"","overlay-type":"","overlay-color":"","overlay-opacity":"","overlay-gradient":""}},"ast-content-background-meta":{"desktop":{"background-color":"var(--ast-global-color-4)","background-image":"","background-repeat":"repeat","background-position":"center center","background-size":"auto","background-attachment":"scroll","background-type":"","background-media":"","overlay-type":"","overlay-color":"","overlay-opacity":"","overlay-gradient":""},"tablet":{"background-color":"var(--ast-global-color-4)","background-image":"","background-repeat":"repeat","background-position":"center center","background-size":"auto","background-attachment":"scroll","background-type":"","background-media":"","overlay-type":"","overlay-color":"","overlay-opacity":"","overlay-gradient":""},"mobile":{"background-color":"var(--ast-global-color-4)","background-image":"","background-repeat":"repeat","background-position":"center center","background-size":"auto","background-attachment":"scroll","background-type":"","background-media":"","overlay-type":"","overlay-color":"","overlay-opacity":"","overlay-gradient":""}}},"product_brand":[],"product_cat":[15],"product_tag":[],"class_list":{"0":"post-30","1":"product","2":"type-product","3":"status-publish","4":"has-post-thumbnail","6":"product_cat-sin-categorizar","7":"desktop-align-left","8":"tablet-align-left","9":"mobile-align-left","11":"first","12":"instock","13":"sale","14":"shipping-taxable","15":"product-type-external"},"_links":{"self":[{"href":"https:\/\/comprateloenlinea.com\/site\/wp-json\/wp\/v2\/product\/30","targetHints":{"allow":["GET"]}}],"collection":[{"href":"https:\/\/comprateloenlinea.com\/site\/wp-json\/wp\/v2\/product"}],"about":[{"href":"https:\/\/comprateloenlinea.com\/site\/wp-json\/wp\/v2\/types\/product"}],"replies":[{"embeddable":true,"href":"https:\/\/comprateloenlinea.com\/site\/wp-json\/wp\/v2\/comments?post=30"}],"wp:featuredmedia":[{"embeddable":true,"href":"https:\/\/comprateloenlinea.com\/site\/wp-json\/wp\/v2\/media\/33"}],"wp:attachment":[{"href":"https:\/\/comprateloenlinea.com\/site\/wp-json\/wp\/v2\/media?parent=30"}],"wp:term":[{"taxonomy":"product_brand","embeddable":true,"href":"https:\/\/comprateloenlinea.com\/site\/wp-json\/wp\/v2\/product_brand?post=30"},{"taxonomy":"product_cat","embeddable":true,"href":"https:\/\/comprateloenlinea.com\/site\/wp-json\/wp\/v2\/product_cat?post=30"},{"taxonomy":"product_tag","embeddable":true,"href":"https:\/\/comprateloenlinea.com\/site\/wp-json\/wp\/v2\/product_tag?post=30"}],"curies":[{"name":"wp","href":"https:\/\/api.w.org\/{rel}","templated":true}]}}