{"id":25,"date":"2026-05-10T03:45:18","date_gmt":"2026-05-10T03:45:18","guid":{"rendered":"https:\/\/comprateloenlinea.com\/site\/?post_type=product&#038;p=25"},"modified":"2026-05-10T03:53:37","modified_gmt":"2026-05-10T03:53:37","slug":"dermend-crema-hidratante-especializada-para-pieles-fragiles-formula-para-restaurar-y-rejuvenecer-crema-antiarrugas-diaria-para-reafirmar-y-fortalecer-la-piel-delgada-y-envejecida-tubo-de-4-5","status":"publish","type":"product","link":"https:\/\/comprateloenlinea.com\/site\/producto\/dermend-crema-hidratante-especializada-para-pieles-fragiles-formula-para-restaurar-y-rejuvenecer-crema-antiarrugas-diaria-para-reafirmar-y-fortalecer-la-piel-delgada-y-envejecida-tubo-de-4-5\/","title":{"rendered":"Dermend Crema hidratante especializada para pieles fr\u00e1giles: f\u00f3rmula para restaurar y rejuvenecer &#8211; Crema antiarrugas diaria para reafirmar y fortalecer la piel delgada y envejecida &#8211; Tubo de 4.5"},"content":{"rendered":"<p><a href=\"https:\/\/www.amazon.com\/dp\/B072BCGHTW?ref=t_ac_view_request_product_image&amp;campaignId=amzn1.campaign.3V4HA2VQ50G3J&amp;linkCode=tr1&amp;tag=comprateloe07-20&amp;linkId=amzn1.campaign.3V4HA2VQ50G3J_1778385146034\"><img decoding=\"async\" src=\"https:\/\/m.media-amazon.com\/images\/S\/aplus-seller-content-images-us-east-1\/ATVPDKIKX0DER\/A3JN3RY0TKEYAF\/07d52aac-11c5-419a-92a1-86c9743a11c0._CR0,0,970,600_PT0_SX970__.png\" alt=\"edad \u00e1cida envejecimiento sin edad mejores cuerpos cremas der dermmenend dermmend facial hialur\u00f3nico \" \/><\/a><\/p>\n<p>A medida que maduramos, nuestra piel pierde elasticidad. Muchos factores, incluyendo el da\u00f1o solar repetido, hacen que la elastina y el col\u00e1geno debajo de la superficie de la piel se rompan. La capa de grasa protectora del tejido tambi\u00e9n se agota, haciendo que la piel sea mucho m\u00e1s delgada y fr\u00e1gil. Esto puede hacer que la piel se rasgue f\u00e1cilmente y tambi\u00e9n aparezca arrugada o espeluznante, especialmente las \u00e1reas que han sido expuestas a los elementos con m\u00e1s frecuencia.<br \/>\n<a href=\"https:\/\/www.amazon.com\/dp\/B072BCGHTW?ref=t_ac_view_request_product_image&amp;campaignId=amzn1.campaign.3V4HA2VQ50G3J&amp;linkCode=tr1&amp;tag=comprateloe07-20&amp;linkId=amzn1.campaign.3V4HA2VQ50G3J_1778385146034\"><img decoding=\"async\" src=\"https:\/\/m.media-amazon.com\/images\/S\/aplus-seller-content-images-us-east-1\/ATVPDKIKX0DER\/A3JN3RY0TKEYAF\/6bf35257-2b2b-429c-998f-e81a75c7ab46._CR0,0,970,600_PT0_SX970__.png\" alt=\"mira loci\u00f3n lociones madurar hombres mend hombres mayores prevenir reducir reduce \" \/><\/a><\/p>\n<p>DerMend F\u00f3rmula hidratante para la piel fr\u00e1gil proporciona un cuidado espec\u00edfico para ayudar a restaurar la piel fina y fr\u00e1gil con ingredientes rejuvenecedores y humectantes enriquecedores.<\/p>\n<p><a href=\"https:\/\/www.amazon.com\/dp\/B072BCGHTW?ref=t_ac_view_request_product_image&amp;campaignId=amzn1.campaign.3V4HA2VQ50G3J&amp;linkCode=tr1&amp;tag=comprateloe07-20&amp;linkId=amzn1.campaign.3V4HA2VQ50G3J_1778385146034\"><img decoding=\"async\" src=\"https:\/\/m.media-amazon.com\/images\/S\/aplus-seller-content-images-us-east-1\/ATVPDKIKX0DER\/A3JN3RY0TKEYAF\/4a43c7d1-b197-4398-a0c2-ed47b58f1e8b._CR0,0,970,600_PT0_SX970__.png\" alt=\"soluciones estorativas para el cuidado de la piel detener desgarro de las mujeres arrugas de las mujeres joven\" \/><\/a><\/p>\n<p class=\"a-spacing-base\">El uso de la crema hidratante para la piel fr\u00e1gil DerMend dos veces al d\u00eda ayuda a mejorar la apariencia de la piel fina y fr\u00e1gil y ayuda a mantener una<\/p>\n<p class=\"a-spacing-base\">apariencia m\u00e1s juvenil.<\/p>\n","protected":false},"excerpt":{"rendered":"<p>A medida que maduramos, nuestra piel pierde elasticidad. Muchos factores, incluyendo el da\u00f1o solar repetido, hacen que la elastina y [&hellip;]<\/p>\n","protected":false},"featured_media":28,"comment_status":"open","ping_status":"closed","template":"","meta":{"site-sidebar-layout":"default","site-content-layout":"","ast-site-content-layout":"default","site-content-style":"default","site-sidebar-style":"default","ast-global-header-display":"","ast-banner-title-visibility":"","ast-main-header-display":"","ast-hfb-above-header-display":"","ast-hfb-below-header-display":"","ast-hfb-mobile-header-display":"","site-post-title":"","ast-breadcrumbs-content":"","ast-featured-img":"","footer-sml-layout":"","ast-disable-related-posts":"","theme-transparent-header-meta":"default","adv-header-id-meta":"","stick-header-meta":"","header-above-stick-meta":"","header-main-stick-meta":"","header-below-stick-meta":"","astra-migrate-meta-layouts":"set","ast-page-background-enabled":"default","ast-page-background-meta":{"desktop":{"background-color":"var(--ast-global-color-5)","background-image":"","background-repeat":"repeat","background-position":"center center","background-size":"auto","background-attachment":"scroll","background-type":"","background-media":"","overlay-type":"","overlay-color":"","overlay-opacity":"","overlay-gradient":""},"tablet":{"background-color":"","background-image":"","background-repeat":"repeat","background-position":"center center","background-size":"auto","background-attachment":"scroll","background-type":"","background-media":"","overlay-type":"","overlay-color":"","overlay-opacity":"","overlay-gradient":""},"mobile":{"background-color":"","background-image":"","background-repeat":"repeat","background-position":"center center","background-size":"auto","background-attachment":"scroll","background-type":"","background-media":"","overlay-type":"","overlay-color":"","overlay-opacity":"","overlay-gradient":""}},"ast-content-background-meta":{"desktop":{"background-color":"var(--ast-global-color-4)","background-image":"","background-repeat":"repeat","background-position":"center center","background-size":"auto","background-attachment":"scroll","background-type":"","background-media":"","overlay-type":"","overlay-color":"","overlay-opacity":"","overlay-gradient":""},"tablet":{"background-color":"var(--ast-global-color-4)","background-image":"","background-repeat":"repeat","background-position":"center center","background-size":"auto","background-attachment":"scroll","background-type":"","background-media":"","overlay-type":"","overlay-color":"","overlay-opacity":"","overlay-gradient":""},"mobile":{"background-color":"var(--ast-global-color-4)","background-image":"","background-repeat":"repeat","background-position":"center center","background-size":"auto","background-attachment":"scroll","background-type":"","background-media":"","overlay-type":"","overlay-color":"","overlay-opacity":"","overlay-gradient":""}}},"product_brand":[],"product_cat":[15],"product_tag":[],"class_list":{"0":"post-25","1":"product","2":"type-product","3":"status-publish","4":"has-post-thumbnail","6":"product_cat-sin-categorizar","7":"desktop-align-left","8":"tablet-align-left","9":"mobile-align-left","11":"first","12":"instock","13":"sale","14":"shipping-taxable","15":"product-type-external"},"_links":{"self":[{"href":"https:\/\/comprateloenlinea.com\/site\/wp-json\/wp\/v2\/product\/25","targetHints":{"allow":["GET"]}}],"collection":[{"href":"https:\/\/comprateloenlinea.com\/site\/wp-json\/wp\/v2\/product"}],"about":[{"href":"https:\/\/comprateloenlinea.com\/site\/wp-json\/wp\/v2\/types\/product"}],"replies":[{"embeddable":true,"href":"https:\/\/comprateloenlinea.com\/site\/wp-json\/wp\/v2\/comments?post=25"}],"wp:featuredmedia":[{"embeddable":true,"href":"https:\/\/comprateloenlinea.com\/site\/wp-json\/wp\/v2\/media\/28"}],"wp:attachment":[{"href":"https:\/\/comprateloenlinea.com\/site\/wp-json\/wp\/v2\/media?parent=25"}],"wp:term":[{"taxonomy":"product_brand","embeddable":true,"href":"https:\/\/comprateloenlinea.com\/site\/wp-json\/wp\/v2\/product_brand?post=25"},{"taxonomy":"product_cat","embeddable":true,"href":"https:\/\/comprateloenlinea.com\/site\/wp-json\/wp\/v2\/product_cat?post=25"},{"taxonomy":"product_tag","embeddable":true,"href":"https:\/\/comprateloenlinea.com\/site\/wp-json\/wp\/v2\/product_tag?post=25"}],"curies":[{"name":"wp","href":"https:\/\/api.w.org\/{rel}","templated":true}]}}