{"id":107,"date":"2026-05-15T05:04:24","date_gmt":"2026-05-15T05:04:24","guid":{"rendered":"https:\/\/comprateloenlinea.com\/site\/?page_id=107"},"modified":"2026-05-15T05:05:39","modified_gmt":"2026-05-15T05:05:39","slug":"unete-a-amazon-prime","status":"publish","type":"page","link":"https:\/\/comprateloenlinea.com\/site\/unete-a-amazon-prime\/","title":{"rendered":"Unete a Amazon Prime"},"content":{"rendered":"\n<figure class=\"wp-block-image size-large\"><a href=\"https:\/\/amzn.to\/3RpDLH3\"><img loading=\"lazy\" decoding=\"async\" width=\"1024\" height=\"235\" src=\"https:\/\/comprateloenlinea.com\/site\/wp-content\/uploads\/2026\/05\/image-5-1024x235.png\" alt=\"\" class=\"wp-image-108\" srcset=\"https:\/\/comprateloenlinea.com\/site\/wp-content\/uploads\/2026\/05\/image-5-1024x235.png 1024w, https:\/\/comprateloenlinea.com\/site\/wp-content\/uploads\/2026\/05\/image-5-300x69.png 300w, https:\/\/comprateloenlinea.com\/site\/wp-content\/uploads\/2026\/05\/image-5-768x176.png 768w, https:\/\/comprateloenlinea.com\/site\/wp-content\/uploads\/2026\/05\/image-5-600x138.png 600w, https:\/\/comprateloenlinea.com\/site\/wp-content\/uploads\/2026\/05\/image-5.png 1064w\" sizes=\"auto, (max-width: 1024px) 100vw, 1024px\" \/><\/a><\/figure>\n\n\n\n<h2 class=\"wp-block-heading\">Mira lo que obtienes con Prime:<\/h2>\n\n\n\n<p><a href=\"https:\/\/amzn.to\/3RpDLH3\"><img decoding=\"async\" height=\"150\" src=\"https:\/\/m.media-amazon.com\/images\/I\/41HuFm5jyOL.png\" alt=\"\"><\/a><\/p>\n\n\n\n<h3 class=\"wp-block-heading\">Entrega gratis y r\u00e1pida<\/h3>\n\n\n\n<p>Disfruta de las entregas en el mismo d\u00eda, en un d\u00eda y en dos d\u00edas en millones de art\u00edculos.<\/p>\n\n\n\n<p><img decoding=\"async\" height=\"150\" src=\"https:\/\/m.media-amazon.com\/images\/I\/41W--MRY7VL.png\" alt=\"\"><\/p>\n\n\n\n<h3 class=\"wp-block-heading\">Streaming ilimitado<\/h3>\n\n\n\n<p>Prime Video te trae nuevos lanzamientos, originales galardonados y deportes en vivo.<\/p>\n\n\n\n<p><a href=\"https:\/\/amzn.to\/3RpDLH3\"><img decoding=\"async\" height=\"150\" src=\"https:\/\/m.media-amazon.com\/images\/I\/51LHsvh+zrL.png\" alt=\"\"><\/a><\/p>\n\n\n\n<h3 class=\"wp-block-heading\">Acceso completo a Alexa+<\/h3>\n\n\n\n<p>Tu asistente de IA gratis para entretenimiento, hogar inteligente, seguimiento de ofertas y m\u00e1s.<\/p>\n\n\n\n<h2 class=\"wp-block-heading\">M\u00e1s beneficios Prime<\/h2>\n\n\n\n<p><img loading=\"lazy\" decoding=\"async\" alt=\"\" src=\"https:\/\/m.media-amazon.com\/images\/I\/01AiaGCSTGL.png\" height=\"60\" width=\"60\"><\/p>\n\n\n\n<h3 class=\"wp-block-heading\">Alimentos<\/h3>\n\n\n\n<p>Consigue ahorros exclusivos con Prime en Amazon Fresh y Whole Foods Market.<\/p>\n\n\n\n<p><img loading=\"lazy\" decoding=\"async\" alt=\"\" src=\"https:\/\/m.media-amazon.com\/images\/I\/01LwUFKkPbL.png\" height=\"60\" width=\"60\"><\/p>\n\n\n\n<h3 class=\"wp-block-heading\">Amazon Music con Prime<\/h3>\n\n\n\n<p>Obt\u00e9n toda la m\u00fasica y los podcasts m\u00e1s populares, sin anuncios.<\/p>\n\n\n\n<p><img loading=\"lazy\" decoding=\"async\" alt=\"\" src=\"https:\/\/m.media-amazon.com\/images\/I\/01i7e-NVS2L.png\" height=\"60\" width=\"60\"><\/p>\n\n\n\n<h3 class=\"wp-block-heading\">Amazon Photos<\/h3>\n\n\n\n<p>Disfruta de almacenamiento ilimitado de fotos de resoluci\u00f3n completa y 5 GB para almacenamiento de videos.<\/p>\n\n\n\n<p><img loading=\"lazy\" decoding=\"async\" alt=\"\" src=\"https:\/\/m.media-amazon.com\/images\/I\/01ghS8fdXIL.png\" height=\"60\" width=\"60\"><\/p>\n\n\n\n<h3 class=\"wp-block-heading\">Ahorro en combustible de Amazon Prime<\/h3>\n\n\n\n<p>Ahorra 10\u00a2 por gal\u00f3n en gasolina en m\u00e1s de 7,500 sitios participantes.<\/p>\n\n\n\n<p><img loading=\"lazy\" decoding=\"async\" alt=\"\" src=\"https:\/\/m.media-amazon.com\/images\/I\/01Un6ipzZtL.png\" height=\"60\" width=\"60\"><\/p>\n\n\n\n<h3 class=\"wp-block-heading\">Grubhub+<\/h3>\n\n\n\n<p>Grubhub+ gratis que incluye entregas a domicilio por $0, tarifas de servicio m\u00e1s bajas y ofertas exclusivas.<\/p>\n\n\n\n<p><img loading=\"lazy\" decoding=\"async\" alt=\"\" src=\"https:\/\/m.media-amazon.com\/images\/I\/01ykuNQnpsL.png\" height=\"60\" width=\"60\"><\/p>\n\n\n\n<h3 class=\"wp-block-heading\">Ahorro de recetas<\/h3>\n\n\n\n<p>Ahorra en recetas m\u00e9dicas en 60,000 farmacias, incluidas Walgreens, CVS y Amazon Pharmacy.<\/p>\n","protected":false},"excerpt":{"rendered":"<p>Mira lo que obtienes con Prime: Entrega gratis y r\u00e1pida Disfruta de las entregas en el mismo d\u00eda, en un [&hellip;]<\/p>\n","protected":false},"author":1,"featured_media":0,"parent":0,"menu_order":0,"comment_status":"closed","ping_status":"closed","template":"","meta":{"site-sidebar-layout":"default","site-content-layout":"","ast-site-content-layout":"default","site-content-style":"default","site-sidebar-style":"default","ast-global-header-display":"","ast-banner-title-visibility":"","ast-main-header-display":"","ast-hfb-above-header-display":"","ast-hfb-below-header-display":"","ast-hfb-mobile-header-display":"","site-post-title":"","ast-breadcrumbs-content":"","ast-featured-img":"","footer-sml-layout":"","ast-disable-related-posts":"","theme-transparent-header-meta":"","adv-header-id-meta":"","stick-header-meta":"","header-above-stick-meta":"","header-main-stick-meta":"","header-below-stick-meta":"","astra-migrate-meta-layouts":"default","ast-page-background-enabled":"default","ast-page-background-meta":{"desktop":{"background-color":"var(--ast-global-color-5)","background-image":"","background-repeat":"repeat","background-position":"center center","background-size":"auto","background-attachment":"scroll","background-type":"","background-media":"","overlay-type":"","overlay-color":"","overlay-opacity":"","overlay-gradient":""},"tablet":{"background-color":"","background-image":"","background-repeat":"repeat","background-position":"center center","background-size":"auto","background-attachment":"scroll","background-type":"","background-media":"","overlay-type":"","overlay-color":"","overlay-opacity":"","overlay-gradient":""},"mobile":{"background-color":"","background-image":"","background-repeat":"repeat","background-position":"center center","background-size":"auto","background-attachment":"scroll","background-type":"","background-media":"","overlay-type":"","overlay-color":"","overlay-opacity":"","overlay-gradient":""}},"ast-content-background-meta":{"desktop":{"background-color":"var(--ast-global-color-4)","background-image":"","background-repeat":"repeat","background-position":"center center","background-size":"auto","background-attachment":"scroll","background-type":"","background-media":"","overlay-type":"","overlay-color":"","overlay-opacity":"","overlay-gradient":""},"tablet":{"background-color":"var(--ast-global-color-4)","background-image":"","background-repeat":"repeat","background-position":"center center","background-size":"auto","background-attachment":"scroll","background-type":"","background-media":"","overlay-type":"","overlay-color":"","overlay-opacity":"","overlay-gradient":""},"mobile":{"background-color":"var(--ast-global-color-4)","background-image":"","background-repeat":"repeat","background-position":"center center","background-size":"auto","background-attachment":"scroll","background-type":"","background-media":"","overlay-type":"","overlay-color":"","overlay-opacity":"","overlay-gradient":""}},"footnotes":""},"class_list":["post-107","page","type-page","status-publish","hentry"],"_links":{"self":[{"href":"https:\/\/comprateloenlinea.com\/site\/wp-json\/wp\/v2\/pages\/107","targetHints":{"allow":["GET"]}}],"collection":[{"href":"https:\/\/comprateloenlinea.com\/site\/wp-json\/wp\/v2\/pages"}],"about":[{"href":"https:\/\/comprateloenlinea.com\/site\/wp-json\/wp\/v2\/types\/page"}],"author":[{"embeddable":true,"href":"https:\/\/comprateloenlinea.com\/site\/wp-json\/wp\/v2\/users\/1"}],"replies":[{"embeddable":true,"href":"https:\/\/comprateloenlinea.com\/site\/wp-json\/wp\/v2\/comments?post=107"}],"version-history":[{"count":2,"href":"https:\/\/comprateloenlinea.com\/site\/wp-json\/wp\/v2\/pages\/107\/revisions"}],"predecessor-version":[{"id":110,"href":"https:\/\/comprateloenlinea.com\/site\/wp-json\/wp\/v2\/pages\/107\/revisions\/110"}],"wp:attachment":[{"href":"https:\/\/comprateloenlinea.com\/site\/wp-json\/wp\/v2\/media?parent=107"}],"curies":[{"name":"wp","href":"https:\/\/api.w.org\/{rel}","templated":true}]}}